{"id":173,"date":"2020-06-04T08:12:29","date_gmt":"2020-06-04T08:12:29","guid":{"rendered":"http:\/\/roemerbad-lindau.de\/?page_id=173"},"modified":"2026-03-07T10:31:54","modified_gmt":"2026-03-07T10:31:54","slug":"faq","status":"publish","type":"page","link":"https:\/\/roemerbad-lindau.de\/?page_id=173","title":{"rendered":"FAQ"},"content":{"rendered":"<h4 style=\"color: #080e5d;\">H\u00e4ufig gestellte Fragen<\/h4>\n<h6 style=\"color: #080e5d;\">Wie werde ich Mitglied?<\/h6>\n<p>Sie k\u00f6nnen den <a href=\"https:\/\/roemerbad-lindau.de\/wp-content\/uploads\/2020\/05\/Fo%CC%88rderverein-Ro%CC%88merbad-Antrag-und-Einzugserma%CC%88chtigung.pdf\">Antrag auf Mitgliedschaft<\/a> auf dieser Homepage laden, ausf\u00fcllen und dem Vorstand senden per E-Mail unter <a href=\"mailto:info@roemerbad-lindau.de\">info@roemerbad-lindau.de\u00a0<\/a><\/p>\n<p>Aktuell werden nicht mehr als 1850 Mitglieder im Verein aufgenommen werden. Daher gibt es eine Warteliste. Eine Aufnahme in den Verein zieht sich daher aktuell leider \u00fcber mehrere Jahre hin.<\/p>\n<h6 style=\"color: #080e5d;\">Wie kann ich ein Liegefach, Kabine, Box, SUP-Platz mieten?<\/h6>\n<p>Die Miete f\u00fcr eine Kabine betr\u00e4gt 60 \u20ac,\u00a0 Spinde\/F\u00e4cher 25 \u20ac,\u00a0 Liegebox 20 \u20ac und einen SUP-Platz 25 \u20ac pro Saison. Anfragen\/Antr\u00e4ge bitte per \u00a0E-Mail an den Vorstand unter \u00a0 <a href=\"mailto:info@roemerbad-lindau.de\">info@roemerbad-lindau.de<\/a><br \/>\n<span style=\"color: #ff0000;\">Achtung: Derzeit gibt es auch hier leider eine Warteliste. \u00a0<\/span><\/p>\n<h6 style=\"color: #080e5d;\">Wie funktioniert das mit den wartelisten?<\/h6>\n<p>Die Antr\u00e4ge werden nach Eingang abgelegt und abgearbeitet.<\/p>\n<h6 style=\"color: #080e5d;\">Was mache ich, wenn ich meinen Chip verloren oder verlegt habe?<\/h6>\n<p>Den Verlust bitte unverz\u00fcglich bei einem Mitglied des Vorstands pers\u00f6nlich oder per E-Mail unter <a href=\"mailto:info@roemerbad-lindau.de\">info@roemerbad-lindau.de<\/a> melden.<\/p>\n<h6 style=\"color: #080e5d;\">Darf ich nicht-mitglieder ins r\u00f6merbad einladen oder mitbringen?<\/h6>\n<p>Nein. Nur Mitgliedern ist der Zutritt ins Bad aus versicherungsrechtlichen Gr\u00fcnden erlaubt.<\/p>\n<h6 style=\"color: #080e5d;\">Darf ich Verwandte (Geschwister, Kinder, Enkel), die keine Mitglieder sind, mit ins R\u00f6merbad bringen?<\/h6>\n<p>Nein. Verwandte d\u00fcrfen auch nicht zeit- oder besuchsweise mit ins Bad und auch nicht zum Kaffee trinken ins Bad mitgenommen werden.<\/p>\n<h6 style=\"color: #080e5d;\">Warum muss ich mich beim betreten des bades mit dem chip einloggen, obwohl oder wenn mir die t\u00fcr aufgehalten wird?<\/h6>\n<p>\u00dcber das Einloggen mit dem Chip ist jeder registriert, wer sich im Bad aufh\u00e4lt. Nur dadurch ist auch der Versicherungsschutz gew\u00e4hrleistet. Wer sich nicht mit dem Chip einloggt, ist nicht versichert.<\/p>\n<h6 style=\"color: #080e5d;\">Gibt es WLAN im R\u00f6merbad?<\/h6>\n<p>Ja, WLAN-Internet gibt es \u00fcber das st\u00e4dtische Netz. (Lindau Free Wifi)<\/p>\n<h6 style=\"color: #080e5d;\">Haben Sie Fragen, Anregungen, W\u00fcnsche?<\/h6>\n<p>Dann sprechen Sie uns bitte an. Ein Mitglied des Vorstands ist in der Regel vor Ort im Bad. Sie k\u00f6nnen uns auch gerne eine E-Mail unter <a href=\"mailto:info@roemerbad-lindau.de\">info@roemerbad-lindau.de<\/a> senden.<\/p>\n<p><strong>Viel Spa\u00df im Bad! Wir w\u00fcnschen gute Erholung, einen sch\u00f6nen Sommer und eine unfallfreie R\u00f6merbad-Saison. <\/strong><\/p>\n<p>&nbsp;<\/p>\n","protected":false},"excerpt":{"rendered":"<p>H\u00e4ufig gestellte Fragen Wie werde ich Mitglied? Sie k\u00f6nnen den Antrag auf Mitgliedschaft auf dieser Homepage laden, ausf\u00fcllen und dem Vorstand senden per E-Mail unter info@roemerbad-lindau.de\u00a0 Aktuell werden nicht mehr als 1850 Mitglieder im Verein aufgenommen werden. Daher gibt es eine Warteliste. Eine Aufnahme in den Verein zieht sich daher aktuell leider \u00fcber mehrere Jahre [&hellip;]<\/p>\n","protected":false},"author":1,"featured_media":0,"parent":0,"menu_order":0,"comment_status":"closed","ping_status":"closed","template":"","meta":{"footnotes":""},"class_list":["post-173","page","type-page","status-publish","hentry"],"_links":{"self":[{"href":"https:\/\/roemerbad-lindau.de\/index.php?rest_route=\/wp\/v2\/pages\/173","targetHints":{"allow":["GET"]}}],"collection":[{"href":"https:\/\/roemerbad-lindau.de\/index.php?rest_route=\/wp\/v2\/pages"}],"about":[{"href":"https:\/\/roemerbad-lindau.de\/index.php?rest_route=\/wp\/v2\/types\/page"}],"author":[{"embeddable":true,"href":"https:\/\/roemerbad-lindau.de\/index.php?rest_route=\/wp\/v2\/users\/1"}],"replies":[{"embeddable":true,"href":"https:\/\/roemerbad-lindau.de\/index.php?rest_route=%2Fwp%2Fv2%2Fcomments&post=173"}],"version-history":[{"count":0,"href":"https:\/\/roemerbad-lindau.de\/index.php?rest_route=\/wp\/v2\/pages\/173\/revisions"}],"wp:attachment":[{"href":"https:\/\/roemerbad-lindau.de\/index.php?rest_route=%2Fwp%2Fv2%2Fmedia&parent=173"}],"curies":[{"name":"wp","href":"https:\/\/api.w.org\/{rel}","templated":true}]}}