{"id":92,"date":"2020-05-26T21:10:52","date_gmt":"2020-05-26T21:10:52","guid":{"rendered":"http:\/\/roemerbad-lindau.de\/?page_id=92"},"modified":"2020-05-28T12:56:10","modified_gmt":"2020-05-28T12:56:10","slug":"geschichte","status":"publish","type":"page","link":"https:\/\/roemerbad-lindau.de\/?page_id=92","title":{"rendered":"Geschichte"},"content":{"rendered":"<h4 style=\"color: #080e5d;\">Die Entstehung des &#8220;R\u00f6mus&#8221;<\/h4>\n<p>In der Sitzung vom 23. Mai 1834 <img loading=\"lazy\" decoding=\"async\" class=\"wp-image-102 size-full alignright\" src=\"http:\/\/roemerbad-lindau.de\/wp-content\/uploads\/2020\/05\/geschichte1.jpg\" alt=\"\" width=\"340\" height=\"212\" srcset=\"https:\/\/roemerbad-lindau.de\/wp-content\/uploads\/2020\/05\/geschichte1.jpg 340w, https:\/\/roemerbad-lindau.de\/wp-content\/uploads\/2020\/05\/geschichte1-300x187.jpg 300w\" sizes=\"auto, (max-width: 340px) 100vw, 340px\" \/>beschlo\u00df der Magistrat der Stadt Lindau, die damals nur die Insel umfasste, die Einrichtung einer Schwimmschule f\u00fcr &#8220;junge Leute vom Civilstande&#8221; und f\u00fcr die Schuljugend zwischen der Sternschanze und dem Pulvermagazin. Der Beschlu\u00df konnte aber nicht realisiert werden, weil das Milit\u00e4r unter Hinweis auf die Gef\u00e4hrdung der \u00f6ffentlichen Sicherheit Einspruch erhob. Der Platz-Commandant Major Graf von Ysenburg bot dabei an, die Milit\u00e4r-Schwimmschule t\u00e4glich zu bestimmten Zeiten f\u00fcr die Schwimm\u00fcbungen der m\u00e4nnlichen Schuljugend und der \u00fcbrigen Personen vom Civilstande zur Verf\u00fcgung zu stellen, zog die Zusage aber ein Jahr sp\u00e4ter wieder zur\u00fcck.<\/p>\n<p><img loading=\"lazy\" decoding=\"async\" class=\"alignleft size-full wp-image-103\" src=\"http:\/\/roemerbad-lindau.de\/wp-content\/uploads\/2020\/05\/geschichte2.jpg\" alt=\"\" width=\"340\" height=\"209\" srcset=\"https:\/\/roemerbad-lindau.de\/wp-content\/uploads\/2020\/05\/geschichte2.jpg 340w, https:\/\/roemerbad-lindau.de\/wp-content\/uploads\/2020\/05\/geschichte2-300x184.jpg 300w\" sizes=\"auto, (max-width: 340px) 100vw, 340px\" \/>Der Stadtmagistrat bestimmte daher als &#8220;neuen Badeplatz f\u00fcr   Erwachsene und Kinder aus dem Civilstande die Stelle bei der Pulverm\u00fchl-Schanze&#8221;. In der Sitzung vom 24. Juni 1836 machte man sich aber auch Gedanken \u00fcber die weibliche Jugend. Im Protokoll ist dar\u00fcber festgehalten:<\/p>\n<p>&#8220;So wie hiernach f\u00fcr die m\u00e4nnliche Jugend Vorsorge getroffen worden sei, so erscheine es ebenfalls als Bed\u00fcrfnis, auch f\u00fcr die M\u00e4dchen eine schickliche Badestelle auszumitteln, wozu der Platz bei der Leuchtbastion die beste Gelegenheit darbieten w\u00fcrde.<\/p>\n<p>Durch die Herstellung einer Badeh\u00fctte k\u00f6nnten die Badenden dem Auge des Publikums entzogen und durch Aufstellung einer im Schwimmen ge\u00fcbten Frauensperson, wozu die Fischertochter Johanna Haider ganz geeignet w\u00e4re, Sicherheit und Ordnung erzweckt werden.&#8221;In der Sitzung vom 31. August 1838 ist erstmals die Rede vom Bed\u00fcrfnis, eine allgemeine Badeanstalt zu errichten. B\u00fcrgermeister Rebmann schlug dabei unter Hinweis auf den Geldmangel die Gr\u00fcndung einer Aktiengesellschaft vor, der sowohl die Planung als auch die Auswahl des Platzes f\u00fcr das Bad \u00fcberlasen werden sollte. Schon im Dezember 1838 berichtete der Ausschu\u00df der zwischenzeitlich gegr\u00fcndeten Seebad-Actiengesellschaft, da\u00df er glaube, den f\u00fcr die Austellung der Badeanstalt tauglichsten Platz, &#8220;der reines, ruhiges Wasser nebst geh\u00f6riger Tiefe aufweise&#8221;, gefunden zu haben &#8211; an der s\u00fcdlichen Seite der R\u00f6merschanze. Dieser Platzwahl wird am 30. Dezember 1838 zugestimmt. Ab dem Sommer 1839 gab es dann das R\u00f6merbad. Man lese und staune, damals vor\u00fcbergehend f\u00fcr beide Geschlechter.<\/p>\n<p>Am 160. Geburtstag begann eine neue Geschichtsschreibung: Ein vernichtender Sturm hatte das Herzst\u00fcck des Bades, die Steganlage, so gut wie zerst\u00f6rt. Der Steg bestand nur noch aus Fragmenten, das Versehrtenh\u00e4uschen war einfach weg und der gepflasterte Weg zwischen Steg und Umkleidekabinen war abgerutscht.<\/p>\n<p>Seit dem 01.02.2007 wird das R\u00f6mus als Vereinsbad gef\u00fchrt.<\/p>\n<p><img loading=\"lazy\" decoding=\"async\" class=\"alignright wp-image-104\" src=\"http:\/\/roemerbad-lindau.de\/wp-content\/uploads\/2020\/05\/geschichte3-e1590669831822.jpg\" alt=\"\" width=\"263\" height=\"180\" \/> <img loading=\"lazy\" decoding=\"async\" class=\"alignleft wp-image-105\" src=\"http:\/\/roemerbad-lindau.de\/wp-content\/uploads\/2020\/05\/geschichte4.jpg\" alt=\"\" width=\"232\" height=\"180\" srcset=\"https:\/\/roemerbad-lindau.de\/wp-content\/uploads\/2020\/05\/geschichte4.jpg 340w, https:\/\/roemerbad-lindau.de\/wp-content\/uploads\/2020\/05\/geschichte4-300x232.jpg 300w\" sizes=\"auto, (max-width: 232px) 100vw, 232px\" \/><\/p>\n","protected":false},"excerpt":{"rendered":"<p>Die Entstehung des &#8220;R\u00f6mus&#8221; In der Sitzung vom 23. Mai 1834 beschlo\u00df der Magistrat der Stadt Lindau, die damals nur die Insel umfasste, die Einrichtung einer Schwimmschule f\u00fcr &#8220;junge Leute vom Civilstande&#8221; und f\u00fcr die Schuljugend zwischen der Sternschanze und dem Pulvermagazin. Der Beschlu\u00df konnte aber nicht realisiert werden, weil das Milit\u00e4r unter Hinweis auf [&hellip;]<\/p>\n","protected":false},"author":1,"featured_media":0,"parent":0,"menu_order":0,"comment_status":"closed","ping_status":"closed","template":"templates\/template-full-width.php","meta":{"footnotes":""},"class_list":["post-92","page","type-page","status-publish","hentry"],"_links":{"self":[{"href":"https:\/\/roemerbad-lindau.de\/index.php?rest_route=\/wp\/v2\/pages\/92","targetHints":{"allow":["GET"]}}],"collection":[{"href":"https:\/\/roemerbad-lindau.de\/index.php?rest_route=\/wp\/v2\/pages"}],"about":[{"href":"https:\/\/roemerbad-lindau.de\/index.php?rest_route=\/wp\/v2\/types\/page"}],"author":[{"embeddable":true,"href":"https:\/\/roemerbad-lindau.de\/index.php?rest_route=\/wp\/v2\/users\/1"}],"replies":[{"embeddable":true,"href":"https:\/\/roemerbad-lindau.de\/index.php?rest_route=%2Fwp%2Fv2%2Fcomments&post=92"}],"version-history":[{"count":0,"href":"https:\/\/roemerbad-lindau.de\/index.php?rest_route=\/wp\/v2\/pages\/92\/revisions"}],"wp:attachment":[{"href":"https:\/\/roemerbad-lindau.de\/index.php?rest_route=%2Fwp%2Fv2%2Fmedia&parent=92"}],"curies":[{"name":"wp","href":"https:\/\/api.w.org\/{rel}","templated":true}]}}